{"id":27,"date":"2026-04-02T09:19:16","date_gmt":"2026-04-02T07:19:16","guid":{"rendered":"https:\/\/www.rolandschule-perleberg.de\/hort\/?page_id=27"},"modified":"2026-04-02T09:19:16","modified_gmt":"2026-04-02T07:19:16","slug":"ueber-uns","status":"publish","type":"page","link":"https:\/\/www.rolandschule-perleberg.de\/hort\/","title":{"rendered":"\u00dcber uns"},"content":{"rendered":"<p>Der Hort ist Kooperationspartner der Rolandschule. Es besteht eine sehr rege Zusammenarbeit.<\/p>\n<p>Die Geb\u00e4ude befinden sich in einer verkehrsberuhigten Lage. Die Kinder k\u00f6nnen an den Arbeitsgemeinschaften der Schule teilnehmen, ohne gro\u00dfe Wege zur\u00fccklegen zu m\u00fcssen.<\/p>\n<p>Im neuen Hortgeb\u00e4ude werden 60 Kinder der 1. und 2. Klasse betreut und 70 Hortkinder nutzen die Hortr\u00e4ume im Dachgeschoss der Rolandschule. Seit November 2013 befindet sich eine Hortgruppe im Freizeitzentrum der Stadt Perleberg. Hier k\u00f6nnen 28 Kinder, vorrangig der 4. Klasse betreut werden. Dieses ist nur ca. 5 Minuten Fu\u00dfweg von der Schule entfernt.<\/p>\n<p>Zur Gew\u00e4hrung einer qualitativ guten Betreuung ist es selbstverst\u00e4ndlich, dass die Mitarbeiter sich in der Erziehungsarbeit weiterbilden.<\/p>\n<p><strong><u>Wir verf\u00fcgen \u00fcber<\/u><\/strong><br \/>\nKapazit\u00e4t:\u00a0\u00a0\u00a0\u00a0\u00a0\u00a0\u00a0\u00a0\u00a0\u00a0\u00a0\u00a0\u00a0\u00a0 158 Kinder<br \/>\nGruppenaufteilung: 7 Gruppen von 6 bis 11 Jahren<\/p>\n<p><strong><u>Angebote:<\/u><\/strong><\/p>\n<ul>\n<li>Spielplatz mit Sandkasten, Schaukel, Kletterger\u00fcst und einer gro\u00dfen Freifl\u00e4che und Nutzung des\u00a0Schulhofes mit Kletterger\u00fcst und Sitzgruppen,<\/li>\n<li>halboffene Hortarbeit mit verschiedenen Angeboten,<\/li>\n<li>Erledigung der Hausaufgaben in der Lernzeit der VHG,<\/li>\n<li>Betreuung auf dem Spielplatz und in den Spielr\u00e4umen.<\/li>\n<\/ul>\n<p><strong><u>Raumgestaltung:<\/u><\/strong><br \/>\nsch\u00f6n, gem\u00fctlich ausgebaute Spielr\u00e4ume mit Kuschel- und Sitzecken, Bauraum mit Werkbank, Bewegungsraum mit Kletterwand, Kreativr\u00e4ume, Computerecken, Spielraum mit naturwissenschaftlichem Bereich<\/p>\n<p><strong><u>H\u00f6hepunkte:<\/u><\/strong><\/p>\n<ul>\n<li>Feriengestaltung mit interessanten Angeboten (z.B. Fahrten in den Hansapark oder Besuch\u00a0des Schwimmbades, Nutzung der Turnhalle, Wanderungen in die Natur u.v.m.)<\/li>\n<li>Faschings-, Herbst- und Weihnachtsfest<\/li>\n<li>Gestaltung von Projekten entsprechend der Jahreszeiten und anderer Themen (Ostern,\u00a0Muttertag, Natur)<\/li>\n<li>Gemeinsame H\u00f6hepunkte oder Aktionen des Hortes und der Schule (Theaterfahrt, Wandertage)<\/li>\n<\/ul>\n","protected":false},"excerpt":{"rendered":"<p>Der Hort ist Kooperationspartner der Rolandschule. Es besteht eine sehr rege Zusammenarbeit. Die Geb\u00e4ude befinden sich in einer verkehrsberuhigten Lage. Die Kinder k\u00f6nnen an den Arbeitsgemeinschaften der Schule teilnehmen, ohne gro\u00dfe Wege zur\u00fccklegen zu m\u00fcssen. Im neuen Hortgeb\u00e4ude werden 60 Kinder der 1. und 2. Klasse betreut und 70 Hortkinder nutzen die Hortr\u00e4ume im Dachgeschoss [&hellip;]<\/p>\n","protected":false},"author":1,"featured_media":0,"parent":0,"menu_order":0,"comment_status":"closed","ping_status":"closed","template":"","meta":{"_mc_calendar":[],"footnotes":""},"class_list":["post-27","page","type-page","status-publish","hentry"],"_links":{"self":[{"href":"https:\/\/www.rolandschule-perleberg.de\/hort\/wp-json\/wp\/v2\/pages\/27","targetHints":{"allow":["GET"]}}],"collection":[{"href":"https:\/\/www.rolandschule-perleberg.de\/hort\/wp-json\/wp\/v2\/pages"}],"about":[{"href":"https:\/\/www.rolandschule-perleberg.de\/hort\/wp-json\/wp\/v2\/types\/page"}],"author":[{"embeddable":true,"href":"https:\/\/www.rolandschule-perleberg.de\/hort\/wp-json\/wp\/v2\/users\/1"}],"replies":[{"embeddable":true,"href":"https:\/\/www.rolandschule-perleberg.de\/hort\/wp-json\/wp\/v2\/comments?post=27"}],"version-history":[{"count":1,"href":"https:\/\/www.rolandschule-perleberg.de\/hort\/wp-json\/wp\/v2\/pages\/27\/revisions"}],"predecessor-version":[{"id":28,"href":"https:\/\/www.rolandschule-perleberg.de\/hort\/wp-json\/wp\/v2\/pages\/27\/revisions\/28"}],"wp:attachment":[{"href":"https:\/\/www.rolandschule-perleberg.de\/hort\/wp-json\/wp\/v2\/media?parent=27"}],"curies":[{"name":"wp","href":"https:\/\/api.w.org\/{rel}","templated":true}]}}