{"id":2,"date":"2026-03-04T20:27:39","date_gmt":"2026-03-04T19:27:39","guid":{"rendered":"https:\/\/www.rolandschule-perleberg.de\/foerderverein\/?page_id=2"},"modified":"2026-04-01T14:38:31","modified_gmt":"2026-04-01T12:38:31","slug":"beispiel-seite","status":"publish","type":"page","link":"https:\/\/www.rolandschule-perleberg.de\/foerderverein\/","title":{"rendered":"\u00dcber uns"},"content":{"rendered":"<p>Am 16. M\u00e4rz 2004 wurde der F\u00f6rderverein Rolandschule Perleberg e.V. von Eltern, deren Kinder an diese Schule gehen, und von Lehrern dieser Schule gegr\u00fcndet.<\/p>\n<p>Unser Ziel ist es, die Kinder und Jugendlichen zu f\u00f6rdern. Weiterhin wollen wir die Pflege und Erhaltung von Kulturwerten und die Kunst (z.B Musik, Literatur, darstellende und bildende Kunst) f\u00f6rdern. Ebenso ist es unser Anliegen, Aktivit\u00e4ten, die die internationale Gesinnung, Toleranz und den V\u00f6lkerverst\u00e4ndigungsgedanken befl\u00fcgeln, zu unterst\u00fctzen.<\/p>\n<p>Der Verein ist als gemeinn\u00fctziger Verein anerkannt und berechtigt, Spendenbescheinigungen auszustellen.<\/p>\n","protected":false},"excerpt":{"rendered":"<p>Am 16. M\u00e4rz 2004 wurde der F\u00f6rderverein Rolandschule Perleberg e.V. von Eltern, deren Kinder an diese Schule gehen, und von Lehrern dieser Schule gegr\u00fcndet. Unser Ziel ist es, die Kinder und Jugendlichen zu f\u00f6rdern. Weiterhin wollen wir die Pflege und Erhaltung von Kulturwerten und die Kunst (z.B Musik, Literatur, darstellende und bildende Kunst) f\u00f6rdern. Ebenso [&hellip;]<\/p>\n","protected":false},"author":1,"featured_media":0,"parent":0,"menu_order":0,"comment_status":"closed","ping_status":"open","template":"","meta":{"_mc_calendar":[],"footnotes":""},"class_list":["post-2","page","type-page","status-publish","hentry"],"_links":{"self":[{"href":"https:\/\/www.rolandschule-perleberg.de\/foerderverein\/wp-json\/wp\/v2\/pages\/2","targetHints":{"allow":["GET"]}}],"collection":[{"href":"https:\/\/www.rolandschule-perleberg.de\/foerderverein\/wp-json\/wp\/v2\/pages"}],"about":[{"href":"https:\/\/www.rolandschule-perleberg.de\/foerderverein\/wp-json\/wp\/v2\/types\/page"}],"author":[{"embeddable":true,"href":"https:\/\/www.rolandschule-perleberg.de\/foerderverein\/wp-json\/wp\/v2\/users\/1"}],"replies":[{"embeddable":true,"href":"https:\/\/www.rolandschule-perleberg.de\/foerderverein\/wp-json\/wp\/v2\/comments?post=2"}],"version-history":[{"count":4,"href":"https:\/\/www.rolandschule-perleberg.de\/foerderverein\/wp-json\/wp\/v2\/pages\/2\/revisions"}],"predecessor-version":[{"id":21,"href":"https:\/\/www.rolandschule-perleberg.de\/foerderverein\/wp-json\/wp\/v2\/pages\/2\/revisions\/21"}],"wp:attachment":[{"href":"https:\/\/www.rolandschule-perleberg.de\/foerderverein\/wp-json\/wp\/v2\/media?parent=2"}],"curies":[{"name":"wp","href":"https:\/\/api.w.org\/{rel}","templated":true}]}}